{"id":1237,"date":"2024-07-12T14:39:40","date_gmt":"2024-07-12T12:39:40","guid":{"rendered":"https:\/\/marsatlas.art\/?page_id=1237"},"modified":"2025-09-17T09:01:47","modified_gmt":"2025-09-17T07:01:47","slug":"exploration-maps-mars-atlas","status":"publish","type":"page","link":"https:\/\/marsatlas.art\/fr\/exploration-maps-mars-atlas\/","title":{"rendered":"Exploration Maps | Mars Atlas"},"content":{"rendered":"<div data-elementor-type=\"wp-page\" data-elementor-id=\"1237\" class=\"elementor elementor-1237\" data-elementor-post-type=\"page\">\n\t\t\t\t\t\t<section class=\"elementor-section elementor-top-section elementor-element elementor-element-99d2273 elementor-section-boxed elementor-section-height-default elementor-section-height-default\" data-id=\"99d2273\" data-element_type=\"section\" data-e-type=\"section\">\n\t\t\t\t\t\t<div class=\"elementor-container elementor-column-gap-default\">\n\t\t\t\t\t<div class=\"elementor-column elementor-col-100 elementor-top-column elementor-element elementor-element-156ad05\" data-id=\"156ad05\" data-element_type=\"column\" data-e-type=\"column\">\n\t\t\t<div class=\"elementor-widget-wrap elementor-element-populated\">\n\t\t\t\t\t\t<div class=\"elementor-element elementor-element-6574b54 elementor-widget elementor-widget-text-editor\" data-id=\"6574b54\" data-element_type=\"widget\" data-e-type=\"widget\" data-widget_type=\"text-editor.default\">\n\t\t\t\t<div class=\"elementor-widget-container\">\n\t\t\t\t\t\t\t\t\t<p>D\u00e9couvrez la plan\u00e8te rouge avec le <a href=\"https:\/\/www.redbubble.com\/fr\/people\/marsatlas\/shop?artistUserName=MarsAtlas&amp;collections=3605076&amp;iaCode=all-departments&amp;sortOrder=top%20selling\" target=\"_blank\" rel=\"noopener\">Mars Atlas Exploration Maps<\/a> disponibles sur <a href=\"https:\/\/www.redbubble.com\/fr\/people\/marsatlas\/shop?artistUserName=MarsAtlas&amp;collections=3605076&amp;iaCode=all-departments&amp;sortOrder=top%20selling\" target=\"_blank\" rel=\"noopener\">Redbubble<\/a>. Ces cartes offrent un portrait scientifique de Mars \u00e0 travers ses paysages et son histoire.<\/p><p>Cr\u00e9dits \u00e0 Adam Buzwell. Dot\u00e9 d\u2019un sens aigu de sa responsabilit\u00e9 professionnelle et d\u2019une obstination \u00e0 toute \u00e9preuve, Adam se consacre \u00e0 cartographier la plan\u00e8te rouge, d\u2019Olympus Mons \u00e0 Valles Marineris, et \u00e0 tracer sans rel\u00e2che les trajectoires des rovers d\u2019exploration, comme <em data-start=\"696\" data-end=\"707\">Curiosity<\/em> ou <em data-start=\"711\" data-end=\"725\">Perseverance<\/em>.<\/p>\t\t\t\t\t\t\t\t<\/div>\n\t\t\t\t<\/div>\n\t\t\t\t\t<\/div>\n\t\t<\/div>\n\t\t\t\t\t<\/div>\n\t\t<\/section>\n\t\t\t\t<\/div>","protected":false},"excerpt":{"rendered":"<p>Discover the Red Planet with the Mars Atlas Exploration Maps available on Redbubble. These maps offer a scientific portrait of Mars through its landscapes and history. Credits go to Adam Buzwell. With a sense of self-appointed professional responsibility and unshaken stubbornness, Adam devotes himself to mapping the dramatic features of the Red Planet, from the [&hellip;]<\/p>\n","protected":false},"author":1,"featured_media":1674,"parent":0,"menu_order":0,"comment_status":"closed","ping_status":"closed","template":"","meta":{"footnotes":""},"class_list":["post-1237","page","type-page","status-publish","has-post-thumbnail","hentry"],"yoast_head":"<!-- This site is optimized with the Yoast SEO plugin v27.4 - https:\/\/yoast.com\/product\/yoast-seo-wordpress\/ -->\n<title>Mars Exploration Maps | The Red Planet\u2019s Landscapes &amp; Terrain<\/title>\n<meta name=\"description\" content=\"Discover Mars Maps inspired by Exploration, designed by cartographer Adam Buzwell while stranded on the Red Planet for far too long.\" \/>\n<meta name=\"robots\" content=\"index, follow, max-snippet:-1, max-image-preview:large, max-video-preview:-1\" \/>\n<link rel=\"canonical\" href=\"https:\/\/marsatlas.art\/fr\/exploration-maps-mars-atlas\/\" \/>\n<meta property=\"og:locale\" content=\"fr_FR\" \/>\n<meta property=\"og:type\" content=\"article\" \/>\n<meta property=\"og:title\" content=\"Mars Exploration Maps | The Red Planet\u2019s Landscapes &amp; Terrain\" \/>\n<meta property=\"og:description\" content=\"Discover Mars Maps inspired by Exploration, designed by cartographer Adam Buzwell while stranded on the Red Planet for far too long.\" \/>\n<meta property=\"og:url\" content=\"https:\/\/marsatlas.art\/fr\/exploration-maps-mars-atlas\/\" \/>\n<meta property=\"og:site_name\" content=\"Mars Atlas\" \/>\n<meta property=\"article:modified_time\" content=\"2025-09-17T07:01:47+00:00\" \/>\n<meta property=\"og:image\" content=\"https:\/\/marsatlas.art\/wp-content\/uploads\/2025\/08\/The-Survivor-on-Mars-Image-Mise-en-Avant.jpg\" \/>\n\t<meta property=\"og:image:width\" content=\"800\" \/>\n\t<meta property=\"og:image:height\" content=\"800\" \/>\n\t<meta property=\"og:image:type\" content=\"image\/jpeg\" \/>\n<meta name=\"twitter:card\" content=\"summary_large_image\" \/>\n<meta name=\"twitter:label1\" content=\"Dur\u00e9e de lecture estim\u00e9e\" \/>\n\t<meta name=\"twitter:data1\" content=\"1 minute\" \/>\n<script type=\"application\/ld+json\" class=\"yoast-schema-graph\">{\"@context\":\"https:\\\/\\\/schema.org\",\"@graph\":[{\"@type\":\"WebPage\",\"@id\":\"https:\\\/\\\/marsatlas.art\\\/exploration-maps-mars-atlas\\\/\",\"url\":\"https:\\\/\\\/marsatlas.art\\\/exploration-maps-mars-atlas\\\/\",\"name\":\"Mars Exploration Maps | The Red Planet\u2019s Landscapes & Terrain\",\"isPartOf\":{\"@id\":\"https:\\\/\\\/marsatlas.art\\\/#website\"},\"primaryImageOfPage\":{\"@id\":\"https:\\\/\\\/marsatlas.art\\\/exploration-maps-mars-atlas\\\/#primaryimage\"},\"image\":{\"@id\":\"https:\\\/\\\/marsatlas.art\\\/exploration-maps-mars-atlas\\\/#primaryimage\"},\"thumbnailUrl\":\"https:\\\/\\\/marsatlas.art\\\/wp-content\\\/uploads\\\/2025\\\/08\\\/The-Survivor-on-Mars-Image-Mise-en-Avant.jpg\",\"datePublished\":\"2024-07-12T12:39:40+00:00\",\"dateModified\":\"2025-09-17T07:01:47+00:00\",\"description\":\"Discover Mars Maps inspired by Exploration, designed by cartographer Adam Buzwell while stranded on the Red Planet for far too long.\",\"breadcrumb\":{\"@id\":\"https:\\\/\\\/marsatlas.art\\\/exploration-maps-mars-atlas\\\/#breadcrumb\"},\"inLanguage\":\"fr-FR\",\"potentialAction\":[{\"@type\":\"ReadAction\",\"target\":[\"https:\\\/\\\/marsatlas.art\\\/exploration-maps-mars-atlas\\\/\"]}]},{\"@type\":\"ImageObject\",\"inLanguage\":\"fr-FR\",\"@id\":\"https:\\\/\\\/marsatlas.art\\\/exploration-maps-mars-atlas\\\/#primaryimage\",\"url\":\"https:\\\/\\\/marsatlas.art\\\/wp-content\\\/uploads\\\/2025\\\/08\\\/The-Survivor-on-Mars-Image-Mise-en-Avant.jpg\",\"contentUrl\":\"https:\\\/\\\/marsatlas.art\\\/wp-content\\\/uploads\\\/2025\\\/08\\\/The-Survivor-on-Mars-Image-Mise-en-Avant.jpg\",\"width\":800,\"height\":800,\"caption\":\"Mars Atlas | Exploration & Sci-Fi Maps of the Red Planet\"},{\"@type\":\"BreadcrumbList\",\"@id\":\"https:\\\/\\\/marsatlas.art\\\/exploration-maps-mars-atlas\\\/#breadcrumb\",\"itemListElement\":[{\"@type\":\"ListItem\",\"position\":1,\"name\":\"Accueil\",\"item\":\"https:\\\/\\\/marsatlas.art\\\/\"},{\"@type\":\"ListItem\",\"position\":2,\"name\":\"Exploration Maps | Mars Atlas\"}]},{\"@type\":\"WebSite\",\"@id\":\"https:\\\/\\\/marsatlas.art\\\/#website\",\"url\":\"https:\\\/\\\/marsatlas.art\\\/\",\"name\":\"Mars Atlas\",\"description\":\"Mars Maps | Explore the Red Planet with Adam Buzwell\",\"publisher\":{\"@id\":\"https:\\\/\\\/marsatlas.art\\\/#organization\"},\"alternateName\":\"Red Planet Atlas & Maps\",\"potentialAction\":[{\"@type\":\"SearchAction\",\"target\":{\"@type\":\"EntryPoint\",\"urlTemplate\":\"https:\\\/\\\/marsatlas.art\\\/?s={search_term_string}\"},\"query-input\":{\"@type\":\"PropertyValueSpecification\",\"valueRequired\":true,\"valueName\":\"search_term_string\"}}],\"inLanguage\":\"fr-FR\"},{\"@type\":\"Organization\",\"@id\":\"https:\\\/\\\/marsatlas.art\\\/#organization\",\"name\":\"Mars Atlas\",\"alternateName\":\"Mars Maps | Explore the Red Planet with Adam Buzwell\",\"url\":\"https:\\\/\\\/marsatlas.art\\\/\",\"logo\":{\"@type\":\"ImageObject\",\"inLanguage\":\"fr-FR\",\"@id\":\"https:\\\/\\\/marsatlas.art\\\/#\\\/schema\\\/logo\\\/image\\\/\",\"url\":\"https:\\\/\\\/marsatlas.art\\\/wp-content\\\/uploads\\\/2025\\\/08\\\/favicon-Rouge.png\",\"contentUrl\":\"https:\\\/\\\/marsatlas.art\\\/wp-content\\\/uploads\\\/2025\\\/08\\\/favicon-Rouge.png\",\"width\":500,\"height\":500,\"caption\":\"Mars Atlas\"},\"image\":{\"@id\":\"https:\\\/\\\/marsatlas.art\\\/#\\\/schema\\\/logo\\\/image\\\/\"},\"sameAs\":[\"https:\\\/\\\/www.instagram.com\\\/marsatlas.art\\\/\"]}]}<\/script>\n<!-- \/ Yoast SEO plugin. -->","yoast_head_json":{"title":"Mars Exploration Maps | The Red Planet\u2019s Landscapes & Terrain","description":"Discover Mars Maps inspired by Exploration, designed by cartographer Adam Buzwell while stranded on the Red Planet for far too long.","robots":{"index":"index","follow":"follow","max-snippet":"max-snippet:-1","max-image-preview":"max-image-preview:large","max-video-preview":"max-video-preview:-1"},"canonical":"https:\/\/marsatlas.art\/fr\/exploration-maps-mars-atlas\/","og_locale":"fr_FR","og_type":"article","og_title":"Mars Exploration Maps | The Red Planet\u2019s Landscapes & Terrain","og_description":"Discover Mars Maps inspired by Exploration, designed by cartographer Adam Buzwell while stranded on the Red Planet for far too long.","og_url":"https:\/\/marsatlas.art\/fr\/exploration-maps-mars-atlas\/","og_site_name":"Mars Atlas","article_modified_time":"2025-09-17T07:01:47+00:00","og_image":[{"width":800,"height":800,"url":"https:\/\/marsatlas.art\/wp-content\/uploads\/2025\/08\/The-Survivor-on-Mars-Image-Mise-en-Avant.jpg","type":"image\/jpeg"}],"twitter_card":"summary_large_image","twitter_misc":{"Dur\u00e9e de lecture estim\u00e9e":"1 minute"},"schema":{"@context":"https:\/\/schema.org","@graph":[{"@type":"WebPage","@id":"https:\/\/marsatlas.art\/exploration-maps-mars-atlas\/","url":"https:\/\/marsatlas.art\/exploration-maps-mars-atlas\/","name":"Mars Exploration Maps | The Red Planet\u2019s Landscapes & Terrain","isPartOf":{"@id":"https:\/\/marsatlas.art\/#website"},"primaryImageOfPage":{"@id":"https:\/\/marsatlas.art\/exploration-maps-mars-atlas\/#primaryimage"},"image":{"@id":"https:\/\/marsatlas.art\/exploration-maps-mars-atlas\/#primaryimage"},"thumbnailUrl":"https:\/\/marsatlas.art\/wp-content\/uploads\/2025\/08\/The-Survivor-on-Mars-Image-Mise-en-Avant.jpg","datePublished":"2024-07-12T12:39:40+00:00","dateModified":"2025-09-17T07:01:47+00:00","description":"Discover Mars Maps inspired by Exploration, designed by cartographer Adam Buzwell while stranded on the Red Planet for far too long.","breadcrumb":{"@id":"https:\/\/marsatlas.art\/exploration-maps-mars-atlas\/#breadcrumb"},"inLanguage":"fr-FR","potentialAction":[{"@type":"ReadAction","target":["https:\/\/marsatlas.art\/exploration-maps-mars-atlas\/"]}]},{"@type":"ImageObject","inLanguage":"fr-FR","@id":"https:\/\/marsatlas.art\/exploration-maps-mars-atlas\/#primaryimage","url":"https:\/\/marsatlas.art\/wp-content\/uploads\/2025\/08\/The-Survivor-on-Mars-Image-Mise-en-Avant.jpg","contentUrl":"https:\/\/marsatlas.art\/wp-content\/uploads\/2025\/08\/The-Survivor-on-Mars-Image-Mise-en-Avant.jpg","width":800,"height":800,"caption":"Mars Atlas | Exploration & Sci-Fi Maps of the Red Planet"},{"@type":"BreadcrumbList","@id":"https:\/\/marsatlas.art\/exploration-maps-mars-atlas\/#breadcrumb","itemListElement":[{"@type":"ListItem","position":1,"name":"Accueil","item":"https:\/\/marsatlas.art\/"},{"@type":"ListItem","position":2,"name":"Exploration Maps | Mars Atlas"}]},{"@type":"WebSite","@id":"https:\/\/marsatlas.art\/#website","url":"https:\/\/marsatlas.art\/","name":"Mars Atlas","description":"Mars Maps | Explore the Red Planet with Adam Buzwell","publisher":{"@id":"https:\/\/marsatlas.art\/#organization"},"alternateName":"Red Planet Atlas & Maps","potentialAction":[{"@type":"SearchAction","target":{"@type":"EntryPoint","urlTemplate":"https:\/\/marsatlas.art\/?s={search_term_string}"},"query-input":{"@type":"PropertyValueSpecification","valueRequired":true,"valueName":"search_term_string"}}],"inLanguage":"fr-FR"},{"@type":"Organization","@id":"https:\/\/marsatlas.art\/#organization","name":"Mars Atlas","alternateName":"Mars Maps | Explore the Red Planet with Adam Buzwell","url":"https:\/\/marsatlas.art\/","logo":{"@type":"ImageObject","inLanguage":"fr-FR","@id":"https:\/\/marsatlas.art\/#\/schema\/logo\/image\/","url":"https:\/\/marsatlas.art\/wp-content\/uploads\/2025\/08\/favicon-Rouge.png","contentUrl":"https:\/\/marsatlas.art\/wp-content\/uploads\/2025\/08\/favicon-Rouge.png","width":500,"height":500,"caption":"Mars Atlas"},"image":{"@id":"https:\/\/marsatlas.art\/#\/schema\/logo\/image\/"},"sameAs":["https:\/\/www.instagram.com\/marsatlas.art\/"]}]}},"_links":{"self":[{"href":"https:\/\/marsatlas.art\/fr\/wp-json\/wp\/v2\/pages\/1237","targetHints":{"allow":["GET"]}}],"collection":[{"href":"https:\/\/marsatlas.art\/fr\/wp-json\/wp\/v2\/pages"}],"about":[{"href":"https:\/\/marsatlas.art\/fr\/wp-json\/wp\/v2\/types\/page"}],"author":[{"embeddable":true,"href":"https:\/\/marsatlas.art\/fr\/wp-json\/wp\/v2\/users\/1"}],"replies":[{"embeddable":true,"href":"https:\/\/marsatlas.art\/fr\/wp-json\/wp\/v2\/comments?post=1237"}],"version-history":[{"count":65,"href":"https:\/\/marsatlas.art\/fr\/wp-json\/wp\/v2\/pages\/1237\/revisions"}],"predecessor-version":[{"id":1886,"href":"https:\/\/marsatlas.art\/fr\/wp-json\/wp\/v2\/pages\/1237\/revisions\/1886"}],"wp:featuredmedia":[{"embeddable":true,"href":"https:\/\/marsatlas.art\/fr\/wp-json\/wp\/v2\/media\/1674"}],"wp:attachment":[{"href":"https:\/\/marsatlas.art\/fr\/wp-json\/wp\/v2\/media?parent=1237"}],"curies":[{"name":"wp","href":"https:\/\/api.w.org\/{rel}","templated":true}]}}