{"id":1244,"date":"2024-07-12T14:44:01","date_gmt":"2024-07-12T12:44:01","guid":{"rendered":"https:\/\/marsatlas.art\/?page_id=1244"},"modified":"2025-10-20T03:12:59","modified_gmt":"2025-10-20T01:12:59","slug":"adam-buzwell-mars-atlas","status":"publish","type":"page","link":"https:\/\/marsatlas.art\/fr\/adam-buzwell-mars-atlas\/","title":{"rendered":"Adam Buzwell | Mars Atlas"},"content":{"rendered":"<div data-elementor-type=\"wp-page\" data-elementor-id=\"1244\" class=\"elementor elementor-1244\" data-elementor-post-type=\"page\">\n\t\t\t\t\t\t<section class=\"elementor-section elementor-top-section elementor-element elementor-element-22f227d elementor-section-boxed elementor-section-height-default elementor-section-height-default\" data-id=\"22f227d\" data-element_type=\"section\" data-e-type=\"section\">\n\t\t\t\t\t\t<div class=\"elementor-container elementor-column-gap-default\">\n\t\t\t\t\t<div class=\"elementor-column elementor-col-100 elementor-top-column elementor-element elementor-element-5ec1b44\" data-id=\"5ec1b44\" data-element_type=\"column\" data-e-type=\"column\">\n\t\t\t<div class=\"elementor-widget-wrap elementor-element-populated\">\n\t\t\t\t\t\t<div class=\"elementor-element elementor-element-8200d7f elementor-widget elementor-widget-text-editor\" data-id=\"8200d7f\" data-element_type=\"widget\" data-e-type=\"widget\" data-widget_type=\"text-editor.default\">\n\t\t\t\t<div class=\"elementor-widget-container\">\n\t\t\t\t\t\t\t\t\t<p>Adam Buzwell est un astronaute envoy\u00e9 sur Mars dans le cadre du programme <a href=\"http:\/\/onlymars.show\" target=\"_blank\" rel=\"noopener\">OnlyMars.Show<\/a> qui fut rapidement annul\u00e9 \u00e0 la suite du d\u00e9c\u00e8s malheureux de sa coll\u00e8gue, Samantha Dick, mortellement frapp\u00e9e lors d\u2019un incident li\u00e9 \u00e0 une m\u00e9t\u00e9orite. Il devint par la suite le h\u00e9ros de la fiction-r\u00e9alit\u00e9 <a href=\"https:\/\/www.amazon.com\/dp\/B077QCKRM2\" target=\"_blank\" rel=\"noopener\">The Survivor on Mars<\/a>.<\/p><p>Titulaire d\u2019un doctorat en cartographie suid\u00e9-assist\u00e9e, Buzwell consacre d\u00e9sormais la majeure partie de son temps libre \u00e0 cartographier la plan\u00e8te rouge, ce qui, compte tenu de sa situation actuelle, correspond pratiquement \u00e0 tout son temps.<\/p><p>Il survit seul dans la r\u00e9gion de Reull Vallis, au bord de ce qu\u2019on appelle d\u00e9sormais le crat\u00e8re Buzwell (39,85\u00b0 Sud, 108,25\u00b0 Est).<\/p>\t\t\t\t\t\t\t\t<\/div>\n\t\t\t\t<\/div>\n\t\t\t\t\t<\/div>\n\t\t<\/div>\n\t\t\t\t\t<\/div>\n\t\t<\/section>\n\t\t\t\t<\/div>","protected":false},"excerpt":{"rendered":"<p>Adam Buzwell | PhD in suidae-assisted cartography<\/p>","protected":false},"author":1,"featured_media":1670,"parent":0,"menu_order":0,"comment_status":"closed","ping_status":"closed","template":"","meta":{"footnotes":""},"class_list":["post-1244","page","type-page","status-publish","has-post-thumbnail","hentry"],"yoast_head":"<!-- This site is optimized with the Yoast SEO plugin v27.4 - https:\/\/yoast.com\/product\/yoast-seo-wordpress\/ -->\n<title>Adam Buzwell | Explore Mars through Maps &amp; Sci-Fi Art<\/title>\n<meta name=\"description\" content=\"Adam Buzwell, PhD in suidae-assisted cartography, was sent to Mars with OnlyMars.Show. He now spends his days mapping the Red Planet.\" \/>\n<meta name=\"robots\" content=\"index, follow, max-snippet:-1, max-image-preview:large, max-video-preview:-1\" \/>\n<link rel=\"canonical\" href=\"https:\/\/marsatlas.art\/fr\/adam-buzwell-mars-atlas\/\" \/>\n<meta property=\"og:locale\" content=\"fr_FR\" \/>\n<meta property=\"og:type\" content=\"article\" \/>\n<meta property=\"og:title\" content=\"Adam Buzwell | Explore Mars through Maps &amp; Sci-Fi Art\" \/>\n<meta property=\"og:description\" content=\"Adam Buzwell, PhD in suidae-assisted cartography, was sent to Mars with OnlyMars.Show. He now spends his days mapping the Red Planet.\" \/>\n<meta property=\"og:url\" content=\"https:\/\/marsatlas.art\/fr\/adam-buzwell-mars-atlas\/\" \/>\n<meta property=\"og:site_name\" content=\"Mars Atlas\" \/>\n<meta property=\"article:modified_time\" content=\"2025-10-20T01:12:59+00:00\" \/>\n<meta property=\"og:image\" content=\"https:\/\/marsatlas.art\/wp-content\/uploads\/2025\/08\/Adam-Buzwell-Mars-Atlas.jpg\" \/>\n\t<meta property=\"og:image:width\" content=\"800\" \/>\n\t<meta property=\"og:image:height\" content=\"800\" \/>\n\t<meta property=\"og:image:type\" content=\"image\/jpeg\" \/>\n<meta name=\"twitter:card\" content=\"summary_large_image\" \/>\n<meta name=\"twitter:label1\" content=\"Dur\u00e9e de lecture estim\u00e9e\" \/>\n\t<meta name=\"twitter:data1\" content=\"1 minute\" \/>\n<script type=\"application\/ld+json\" class=\"yoast-schema-graph\">{\"@context\":\"https:\\\/\\\/schema.org\",\"@graph\":[{\"@type\":\"WebPage\",\"@id\":\"https:\\\/\\\/marsatlas.art\\\/adam-buzwell-mars-atlas\\\/\",\"url\":\"https:\\\/\\\/marsatlas.art\\\/adam-buzwell-mars-atlas\\\/\",\"name\":\"Adam Buzwell | Explore Mars through Maps & Sci-Fi Art\",\"isPartOf\":{\"@id\":\"https:\\\/\\\/marsatlas.art\\\/#website\"},\"primaryImageOfPage\":{\"@id\":\"https:\\\/\\\/marsatlas.art\\\/adam-buzwell-mars-atlas\\\/#primaryimage\"},\"image\":{\"@id\":\"https:\\\/\\\/marsatlas.art\\\/adam-buzwell-mars-atlas\\\/#primaryimage\"},\"thumbnailUrl\":\"https:\\\/\\\/marsatlas.art\\\/wp-content\\\/uploads\\\/2025\\\/08\\\/Adam-Buzwell-Mars-Atlas.jpg\",\"datePublished\":\"2024-07-12T12:44:01+00:00\",\"dateModified\":\"2025-10-20T01:12:59+00:00\",\"description\":\"Adam Buzwell, PhD in suidae-assisted cartography, was sent to Mars with OnlyMars.Show. He now spends his days mapping the Red Planet.\",\"breadcrumb\":{\"@id\":\"https:\\\/\\\/marsatlas.art\\\/adam-buzwell-mars-atlas\\\/#breadcrumb\"},\"inLanguage\":\"fr-FR\",\"potentialAction\":[{\"@type\":\"ReadAction\",\"target\":[\"https:\\\/\\\/marsatlas.art\\\/adam-buzwell-mars-atlas\\\/\"]}]},{\"@type\":\"ImageObject\",\"inLanguage\":\"fr-FR\",\"@id\":\"https:\\\/\\\/marsatlas.art\\\/adam-buzwell-mars-atlas\\\/#primaryimage\",\"url\":\"https:\\\/\\\/marsatlas.art\\\/wp-content\\\/uploads\\\/2025\\\/08\\\/Adam-Buzwell-Mars-Atlas.jpg\",\"contentUrl\":\"https:\\\/\\\/marsatlas.art\\\/wp-content\\\/uploads\\\/2025\\\/08\\\/Adam-Buzwell-Mars-Atlas.jpg\",\"width\":800,\"height\":800,\"caption\":\"Adam Buzwell | Mars Atlas\"},{\"@type\":\"BreadcrumbList\",\"@id\":\"https:\\\/\\\/marsatlas.art\\\/adam-buzwell-mars-atlas\\\/#breadcrumb\",\"itemListElement\":[{\"@type\":\"ListItem\",\"position\":1,\"name\":\"Accueil\",\"item\":\"https:\\\/\\\/marsatlas.art\\\/\"},{\"@type\":\"ListItem\",\"position\":2,\"name\":\"Adam Buzwell | Mars Atlas\"}]},{\"@type\":\"WebSite\",\"@id\":\"https:\\\/\\\/marsatlas.art\\\/#website\",\"url\":\"https:\\\/\\\/marsatlas.art\\\/\",\"name\":\"Mars Atlas\",\"description\":\"Mars Maps | Explore the Red Planet with Adam Buzwell\",\"publisher\":{\"@id\":\"https:\\\/\\\/marsatlas.art\\\/#organization\"},\"alternateName\":\"Red Planet Atlas & Maps\",\"potentialAction\":[{\"@type\":\"SearchAction\",\"target\":{\"@type\":\"EntryPoint\",\"urlTemplate\":\"https:\\\/\\\/marsatlas.art\\\/?s={search_term_string}\"},\"query-input\":{\"@type\":\"PropertyValueSpecification\",\"valueRequired\":true,\"valueName\":\"search_term_string\"}}],\"inLanguage\":\"fr-FR\"},{\"@type\":\"Organization\",\"@id\":\"https:\\\/\\\/marsatlas.art\\\/#organization\",\"name\":\"Mars Atlas\",\"alternateName\":\"Mars Maps | Explore the Red Planet with Adam Buzwell\",\"url\":\"https:\\\/\\\/marsatlas.art\\\/\",\"logo\":{\"@type\":\"ImageObject\",\"inLanguage\":\"fr-FR\",\"@id\":\"https:\\\/\\\/marsatlas.art\\\/#\\\/schema\\\/logo\\\/image\\\/\",\"url\":\"https:\\\/\\\/marsatlas.art\\\/wp-content\\\/uploads\\\/2025\\\/08\\\/favicon-Rouge.png\",\"contentUrl\":\"https:\\\/\\\/marsatlas.art\\\/wp-content\\\/uploads\\\/2025\\\/08\\\/favicon-Rouge.png\",\"width\":500,\"height\":500,\"caption\":\"Mars Atlas\"},\"image\":{\"@id\":\"https:\\\/\\\/marsatlas.art\\\/#\\\/schema\\\/logo\\\/image\\\/\"},\"sameAs\":[\"https:\\\/\\\/www.instagram.com\\\/marsatlas.art\\\/\"]}]}<\/script>\n<!-- \/ Yoast SEO plugin. -->","yoast_head_json":{"title":"Adam Buzwell | Explore Mars through Maps & Sci-Fi Art","description":"Adam Buzwell, PhD in suidae-assisted cartography, was sent to Mars with OnlyMars.Show. He now spends his days mapping the Red Planet.","robots":{"index":"index","follow":"follow","max-snippet":"max-snippet:-1","max-image-preview":"max-image-preview:large","max-video-preview":"max-video-preview:-1"},"canonical":"https:\/\/marsatlas.art\/fr\/adam-buzwell-mars-atlas\/","og_locale":"fr_FR","og_type":"article","og_title":"Adam Buzwell | Explore Mars through Maps & Sci-Fi Art","og_description":"Adam Buzwell, PhD in suidae-assisted cartography, was sent to Mars with OnlyMars.Show. He now spends his days mapping the Red Planet.","og_url":"https:\/\/marsatlas.art\/fr\/adam-buzwell-mars-atlas\/","og_site_name":"Mars Atlas","article_modified_time":"2025-10-20T01:12:59+00:00","og_image":[{"width":800,"height":800,"url":"https:\/\/marsatlas.art\/wp-content\/uploads\/2025\/08\/Adam-Buzwell-Mars-Atlas.jpg","type":"image\/jpeg"}],"twitter_card":"summary_large_image","twitter_misc":{"Dur\u00e9e de lecture estim\u00e9e":"1 minute"},"schema":{"@context":"https:\/\/schema.org","@graph":[{"@type":"WebPage","@id":"https:\/\/marsatlas.art\/adam-buzwell-mars-atlas\/","url":"https:\/\/marsatlas.art\/adam-buzwell-mars-atlas\/","name":"Adam Buzwell | Explore Mars through Maps & Sci-Fi Art","isPartOf":{"@id":"https:\/\/marsatlas.art\/#website"},"primaryImageOfPage":{"@id":"https:\/\/marsatlas.art\/adam-buzwell-mars-atlas\/#primaryimage"},"image":{"@id":"https:\/\/marsatlas.art\/adam-buzwell-mars-atlas\/#primaryimage"},"thumbnailUrl":"https:\/\/marsatlas.art\/wp-content\/uploads\/2025\/08\/Adam-Buzwell-Mars-Atlas.jpg","datePublished":"2024-07-12T12:44:01+00:00","dateModified":"2025-10-20T01:12:59+00:00","description":"Adam Buzwell, PhD in suidae-assisted cartography, was sent to Mars with OnlyMars.Show. He now spends his days mapping the Red Planet.","breadcrumb":{"@id":"https:\/\/marsatlas.art\/adam-buzwell-mars-atlas\/#breadcrumb"},"inLanguage":"fr-FR","potentialAction":[{"@type":"ReadAction","target":["https:\/\/marsatlas.art\/adam-buzwell-mars-atlas\/"]}]},{"@type":"ImageObject","inLanguage":"fr-FR","@id":"https:\/\/marsatlas.art\/adam-buzwell-mars-atlas\/#primaryimage","url":"https:\/\/marsatlas.art\/wp-content\/uploads\/2025\/08\/Adam-Buzwell-Mars-Atlas.jpg","contentUrl":"https:\/\/marsatlas.art\/wp-content\/uploads\/2025\/08\/Adam-Buzwell-Mars-Atlas.jpg","width":800,"height":800,"caption":"Adam Buzwell | Mars Atlas"},{"@type":"BreadcrumbList","@id":"https:\/\/marsatlas.art\/adam-buzwell-mars-atlas\/#breadcrumb","itemListElement":[{"@type":"ListItem","position":1,"name":"Accueil","item":"https:\/\/marsatlas.art\/"},{"@type":"ListItem","position":2,"name":"Adam Buzwell | Mars Atlas"}]},{"@type":"WebSite","@id":"https:\/\/marsatlas.art\/#website","url":"https:\/\/marsatlas.art\/","name":"Mars Atlas","description":"Mars Maps | Explore the Red Planet with Adam Buzwell","publisher":{"@id":"https:\/\/marsatlas.art\/#organization"},"alternateName":"Red Planet Atlas & Maps","potentialAction":[{"@type":"SearchAction","target":{"@type":"EntryPoint","urlTemplate":"https:\/\/marsatlas.art\/?s={search_term_string}"},"query-input":{"@type":"PropertyValueSpecification","valueRequired":true,"valueName":"search_term_string"}}],"inLanguage":"fr-FR"},{"@type":"Organization","@id":"https:\/\/marsatlas.art\/#organization","name":"Mars Atlas","alternateName":"Mars Maps | Explore the Red Planet with Adam Buzwell","url":"https:\/\/marsatlas.art\/","logo":{"@type":"ImageObject","inLanguage":"fr-FR","@id":"https:\/\/marsatlas.art\/#\/schema\/logo\/image\/","url":"https:\/\/marsatlas.art\/wp-content\/uploads\/2025\/08\/favicon-Rouge.png","contentUrl":"https:\/\/marsatlas.art\/wp-content\/uploads\/2025\/08\/favicon-Rouge.png","width":500,"height":500,"caption":"Mars Atlas"},"image":{"@id":"https:\/\/marsatlas.art\/#\/schema\/logo\/image\/"},"sameAs":["https:\/\/www.instagram.com\/marsatlas.art\/"]}]}},"_links":{"self":[{"href":"https:\/\/marsatlas.art\/fr\/wp-json\/wp\/v2\/pages\/1244","targetHints":{"allow":["GET"]}}],"collection":[{"href":"https:\/\/marsatlas.art\/fr\/wp-json\/wp\/v2\/pages"}],"about":[{"href":"https:\/\/marsatlas.art\/fr\/wp-json\/wp\/v2\/types\/page"}],"author":[{"embeddable":true,"href":"https:\/\/marsatlas.art\/fr\/wp-json\/wp\/v2\/users\/1"}],"replies":[{"embeddable":true,"href":"https:\/\/marsatlas.art\/fr\/wp-json\/wp\/v2\/comments?post=1244"}],"version-history":[{"count":118,"href":"https:\/\/marsatlas.art\/fr\/wp-json\/wp\/v2\/pages\/1244\/revisions"}],"predecessor-version":[{"id":1899,"href":"https:\/\/marsatlas.art\/fr\/wp-json\/wp\/v2\/pages\/1244\/revisions\/1899"}],"wp:featuredmedia":[{"embeddable":true,"href":"https:\/\/marsatlas.art\/fr\/wp-json\/wp\/v2\/media\/1670"}],"wp:attachment":[{"href":"https:\/\/marsatlas.art\/fr\/wp-json\/wp\/v2\/media?parent=1244"}],"curies":[{"name":"wp","href":"https:\/\/api.w.org\/{rel}","templated":true}]}}