{"id":13,"date":"2023-07-15T21:38:29","date_gmt":"2023-07-15T19:38:29","guid":{"rendered":"http:\/\/marsatlas.art\/?page_id=13"},"modified":"2025-10-21T04:32:47","modified_gmt":"2025-10-21T02:32:47","slug":"mars-atlas-martian-maps-areography-art","status":"publish","type":"page","link":"https:\/\/marsatlas.art\/fr\/","title":{"rendered":"Mars | Maps | Space | Art"},"content":{"rendered":"<div data-elementor-type=\"wp-page\" data-elementor-id=\"13\" class=\"elementor elementor-13\" data-elementor-post-type=\"page\">\n\t\t\t\t\t\t<section class=\"elementor-section elementor-top-section elementor-element elementor-element-e9338dd elementor-section-boxed elementor-section-height-default elementor-section-height-default\" data-id=\"e9338dd\" data-element_type=\"section\" data-e-type=\"section\">\n\t\t\t\t\t\t<div class=\"elementor-container elementor-column-gap-default\">\n\t\t\t\t\t<div class=\"elementor-column elementor-col-100 elementor-top-column elementor-element elementor-element-7fdded9\" data-id=\"7fdded9\" data-element_type=\"column\" data-e-type=\"column\">\n\t\t\t<div class=\"elementor-widget-wrap elementor-element-populated\">\n\t\t\t\t\t\t<div class=\"elementor-element elementor-element-7ba7b0fd elementor-widget elementor-widget-text-editor\" data-id=\"7ba7b0fd\" data-element_type=\"widget\" data-e-type=\"widget\" data-widget_type=\"text-editor.default\">\n\t\t\t\t<div class=\"elementor-widget-container\">\n\t\t\t\t\t\t\t\t\t<p>De la poussi\u00e8re, du temps et une obstination \u00e0 tracer des cartes. Coinc\u00e9 sur la plan\u00e8te rouge, notre unique et exceptionnel contributeur, Adam Buzwell, cartographie Mars avec d\u00e9termination, curiosit\u00e9 et ing\u00e9niosit\u00e9. Mars Atlas repousse les limites de la cartographie gr\u00e2ce aux nouveaux m\u00e9dias : visualisation 3D, animations dynamiques, interactions en temps r\u00e9el et g\u00e9n\u00e9ration instantan\u00e9e de contenu.<\/p><p>Ceux qui souhaitent soutenir le travail h\u00e9ro\u00efque d\u2019Adam Buzwell peuvent se procurer des \u00e9ditions imprim\u00e9es sur <a href=\"https:\/\/www.redbubble.com\/people\/MarsAtlas\/shop\" target=\"_blank\" rel=\"noopener\">Mars Atlas Redbubble store<\/a>. Pour les plus courageux, retrouvez son invraisemblable <a href=\"https:\/\/www.amazon.com\/dp\/B077QCKRM2\" target=\"_blank\" rel=\"noopener\">Histoire compl\u00e8te sur Amazon<\/a>, une place de choix dans le cockpit pour suivre d'audacieuses explorations martiennes \u00e0 l\u2019\u00e8re du New Space. \u00c7a va secouer !<\/p>\t\t\t\t\t\t\t\t<\/div>\n\t\t\t\t<\/div>\n\t\t\t\t\t<\/div>\n\t\t<\/div>\n\t\t\t\t\t<\/div>\n\t\t<\/section>\n\t\t\t\t<\/div>","protected":false},"excerpt":{"rendered":"<p>Mars Atlas | Exploration &#038; Sci-Fi Maps of the Red Planet<\/p>","protected":false},"author":1,"featured_media":1674,"parent":0,"menu_order":0,"comment_status":"closed","ping_status":"closed","template":"","meta":{"footnotes":""},"class_list":["post-13","page","type-page","status-publish","has-post-thumbnail","hentry"],"yoast_head":"<!-- This site is optimized with the Yoast SEO plugin v27.4 - https:\/\/yoast.com\/product\/yoast-seo-wordpress\/ -->\n<title>Mars Atlas | Exploration &amp; Sci-Fi Maps of the Red Planet<\/title>\n<meta name=\"description\" content=\"Explore the Red Planet with Adam Buzwell, PhD in suidae-assisted cartography, through maps merging real science and science fiction.\" \/>\n<meta name=\"robots\" content=\"index, follow, max-snippet:-1, max-image-preview:large, max-video-preview:-1\" \/>\n<link rel=\"canonical\" href=\"https:\/\/marsatlas.art\/fr\/\" \/>\n<meta property=\"og:locale\" content=\"fr_FR\" \/>\n<meta property=\"og:type\" content=\"article\" \/>\n<meta property=\"og:title\" content=\"MarsAtlas\" \/>\n<meta property=\"og:description\" content=\"Mars Atlas aims at exploring digital cartography applied to Mars. Enjoy our Martian maps and discover the many aspects of the Red Planet.\" \/>\n<meta property=\"og:url\" content=\"https:\/\/marsatlas.art\/fr\/\" \/>\n<meta property=\"og:site_name\" content=\"Mars Atlas\" \/>\n<meta property=\"article:modified_time\" content=\"2025-10-21T02:32:47+00:00\" \/>\n<meta property=\"og:image\" content=\"https:\/\/marsatlas.art\/wp-content\/uploads\/2025\/08\/Mars-Atlas-Bandeau-Site.jpg\" \/>\n\t<meta property=\"og:image:width\" content=\"1000\" \/>\n\t<meta property=\"og:image:height\" content=\"500\" \/>\n\t<meta property=\"og:image:type\" content=\"image\/jpeg\" \/>\n<meta name=\"twitter:card\" content=\"summary_large_image\" \/>\n<meta name=\"twitter:title\" content=\"MarsAtlas\" \/>\n<meta name=\"twitter:description\" content=\"Mars Atlas aims at exploring digital cartography applied to Mars. Enjoy our Martian maps and discover the many aspects of the Red Planet.\" \/>\n<meta name=\"twitter:label1\" content=\"Dur\u00e9e de lecture estim\u00e9e\" \/>\n\t<meta name=\"twitter:data1\" content=\"1 minute\" \/>\n<script type=\"application\/ld+json\" class=\"yoast-schema-graph\">{\"@context\":\"https:\\\/\\\/schema.org\",\"@graph\":[{\"@type\":\"WebPage\",\"@id\":\"https:\\\/\\\/marsatlas.art\\\/\",\"url\":\"https:\\\/\\\/marsatlas.art\\\/\",\"name\":\"Mars Atlas | Exploration & Sci-Fi Maps of the Red Planet\",\"isPartOf\":{\"@id\":\"https:\\\/\\\/marsatlas.art\\\/#website\"},\"primaryImageOfPage\":{\"@id\":\"https:\\\/\\\/marsatlas.art\\\/#primaryimage\"},\"image\":{\"@id\":\"https:\\\/\\\/marsatlas.art\\\/#primaryimage\"},\"thumbnailUrl\":\"https:\\\/\\\/marsatlas.art\\\/wp-content\\\/uploads\\\/2025\\\/08\\\/The-Survivor-on-Mars-Image-Mise-en-Avant.jpg\",\"datePublished\":\"2023-07-15T19:38:29+00:00\",\"dateModified\":\"2025-10-21T02:32:47+00:00\",\"description\":\"Explore the Red Planet with Adam Buzwell, PhD in suidae-assisted cartography, through maps merging real science and science fiction.\",\"breadcrumb\":{\"@id\":\"https:\\\/\\\/marsatlas.art\\\/#breadcrumb\"},\"inLanguage\":\"fr-FR\",\"potentialAction\":[{\"@type\":\"ReadAction\",\"target\":[\"https:\\\/\\\/marsatlas.art\\\/\"]}]},{\"@type\":\"ImageObject\",\"inLanguage\":\"fr-FR\",\"@id\":\"https:\\\/\\\/marsatlas.art\\\/#primaryimage\",\"url\":\"https:\\\/\\\/marsatlas.art\\\/wp-content\\\/uploads\\\/2025\\\/08\\\/The-Survivor-on-Mars-Image-Mise-en-Avant.jpg\",\"contentUrl\":\"https:\\\/\\\/marsatlas.art\\\/wp-content\\\/uploads\\\/2025\\\/08\\\/The-Survivor-on-Mars-Image-Mise-en-Avant.jpg\",\"width\":800,\"height\":800,\"caption\":\"Mars Atlas | Exploration & Sci-Fi Maps of the Red Planet\"},{\"@type\":\"BreadcrumbList\",\"@id\":\"https:\\\/\\\/marsatlas.art\\\/#breadcrumb\",\"itemListElement\":[{\"@type\":\"ListItem\",\"position\":1,\"name\":\"Accueil\",\"item\":\"https:\\\/\\\/marsatlas.art\\\/\"},{\"@type\":\"ListItem\",\"position\":2,\"name\":\"Mars | Maps | Space | Art\"}]},{\"@type\":\"WebSite\",\"@id\":\"https:\\\/\\\/marsatlas.art\\\/#website\",\"url\":\"https:\\\/\\\/marsatlas.art\\\/\",\"name\":\"Mars Atlas\",\"description\":\"Mars Maps | Explore the Red Planet with Adam Buzwell\",\"publisher\":{\"@id\":\"https:\\\/\\\/marsatlas.art\\\/#organization\"},\"alternateName\":\"Red Planet Atlas & Maps\",\"potentialAction\":[{\"@type\":\"SearchAction\",\"target\":{\"@type\":\"EntryPoint\",\"urlTemplate\":\"https:\\\/\\\/marsatlas.art\\\/?s={search_term_string}\"},\"query-input\":{\"@type\":\"PropertyValueSpecification\",\"valueRequired\":true,\"valueName\":\"search_term_string\"}}],\"inLanguage\":\"fr-FR\"},{\"@type\":\"Organization\",\"@id\":\"https:\\\/\\\/marsatlas.art\\\/#organization\",\"name\":\"Mars Atlas\",\"alternateName\":\"Mars Maps | Explore the Red Planet with Adam Buzwell\",\"url\":\"https:\\\/\\\/marsatlas.art\\\/\",\"logo\":{\"@type\":\"ImageObject\",\"inLanguage\":\"fr-FR\",\"@id\":\"https:\\\/\\\/marsatlas.art\\\/#\\\/schema\\\/logo\\\/image\\\/\",\"url\":\"https:\\\/\\\/marsatlas.art\\\/wp-content\\\/uploads\\\/2025\\\/08\\\/favicon-Rouge.png\",\"contentUrl\":\"https:\\\/\\\/marsatlas.art\\\/wp-content\\\/uploads\\\/2025\\\/08\\\/favicon-Rouge.png\",\"width\":500,\"height\":500,\"caption\":\"Mars Atlas\"},\"image\":{\"@id\":\"https:\\\/\\\/marsatlas.art\\\/#\\\/schema\\\/logo\\\/image\\\/\"},\"sameAs\":[\"https:\\\/\\\/www.instagram.com\\\/marsatlas.art\\\/\"]}]}<\/script>\n<!-- \/ Yoast SEO plugin. -->","yoast_head_json":{"title":"Mars Atlas | Exploration & Sci-Fi Maps of the Red Planet","description":"Explore the Red Planet with Adam Buzwell, PhD in suidae-assisted cartography, through maps merging real science and science fiction.","robots":{"index":"index","follow":"follow","max-snippet":"max-snippet:-1","max-image-preview":"max-image-preview:large","max-video-preview":"max-video-preview:-1"},"canonical":"https:\/\/marsatlas.art\/fr\/","og_locale":"fr_FR","og_type":"article","og_title":"MarsAtlas","og_description":"Mars Atlas aims at exploring digital cartography applied to Mars. Enjoy our Martian maps and discover the many aspects of the Red Planet.","og_url":"https:\/\/marsatlas.art\/fr\/","og_site_name":"Mars Atlas","article_modified_time":"2025-10-21T02:32:47+00:00","og_image":[{"width":1000,"height":500,"url":"https:\/\/marsatlas.art\/wp-content\/uploads\/2025\/08\/Mars-Atlas-Bandeau-Site.jpg","type":"image\/jpeg"}],"twitter_card":"summary_large_image","twitter_title":"MarsAtlas","twitter_description":"Mars Atlas aims at exploring digital cartography applied to Mars. Enjoy our Martian maps and discover the many aspects of the Red Planet.","twitter_misc":{"Dur\u00e9e de lecture estim\u00e9e":"1 minute"},"schema":{"@context":"https:\/\/schema.org","@graph":[{"@type":"WebPage","@id":"https:\/\/marsatlas.art\/","url":"https:\/\/marsatlas.art\/","name":"Mars Atlas | Exploration & Sci-Fi Maps of the Red Planet","isPartOf":{"@id":"https:\/\/marsatlas.art\/#website"},"primaryImageOfPage":{"@id":"https:\/\/marsatlas.art\/#primaryimage"},"image":{"@id":"https:\/\/marsatlas.art\/#primaryimage"},"thumbnailUrl":"https:\/\/marsatlas.art\/wp-content\/uploads\/2025\/08\/The-Survivor-on-Mars-Image-Mise-en-Avant.jpg","datePublished":"2023-07-15T19:38:29+00:00","dateModified":"2025-10-21T02:32:47+00:00","description":"Explore the Red Planet with Adam Buzwell, PhD in suidae-assisted cartography, through maps merging real science and science fiction.","breadcrumb":{"@id":"https:\/\/marsatlas.art\/#breadcrumb"},"inLanguage":"fr-FR","potentialAction":[{"@type":"ReadAction","target":["https:\/\/marsatlas.art\/"]}]},{"@type":"ImageObject","inLanguage":"fr-FR","@id":"https:\/\/marsatlas.art\/#primaryimage","url":"https:\/\/marsatlas.art\/wp-content\/uploads\/2025\/08\/The-Survivor-on-Mars-Image-Mise-en-Avant.jpg","contentUrl":"https:\/\/marsatlas.art\/wp-content\/uploads\/2025\/08\/The-Survivor-on-Mars-Image-Mise-en-Avant.jpg","width":800,"height":800,"caption":"Mars Atlas | Exploration & Sci-Fi Maps of the Red Planet"},{"@type":"BreadcrumbList","@id":"https:\/\/marsatlas.art\/#breadcrumb","itemListElement":[{"@type":"ListItem","position":1,"name":"Accueil","item":"https:\/\/marsatlas.art\/"},{"@type":"ListItem","position":2,"name":"Mars | Maps | Space | Art"}]},{"@type":"WebSite","@id":"https:\/\/marsatlas.art\/#website","url":"https:\/\/marsatlas.art\/","name":"Mars Atlas","description":"Mars Maps | Explore the Red Planet with Adam Buzwell","publisher":{"@id":"https:\/\/marsatlas.art\/#organization"},"alternateName":"Red Planet Atlas & Maps","potentialAction":[{"@type":"SearchAction","target":{"@type":"EntryPoint","urlTemplate":"https:\/\/marsatlas.art\/?s={search_term_string}"},"query-input":{"@type":"PropertyValueSpecification","valueRequired":true,"valueName":"search_term_string"}}],"inLanguage":"fr-FR"},{"@type":"Organization","@id":"https:\/\/marsatlas.art\/#organization","name":"Mars Atlas","alternateName":"Mars Maps | Explore the Red Planet with Adam Buzwell","url":"https:\/\/marsatlas.art\/","logo":{"@type":"ImageObject","inLanguage":"fr-FR","@id":"https:\/\/marsatlas.art\/#\/schema\/logo\/image\/","url":"https:\/\/marsatlas.art\/wp-content\/uploads\/2025\/08\/favicon-Rouge.png","contentUrl":"https:\/\/marsatlas.art\/wp-content\/uploads\/2025\/08\/favicon-Rouge.png","width":500,"height":500,"caption":"Mars Atlas"},"image":{"@id":"https:\/\/marsatlas.art\/#\/schema\/logo\/image\/"},"sameAs":["https:\/\/www.instagram.com\/marsatlas.art\/"]}]}},"_links":{"self":[{"href":"https:\/\/marsatlas.art\/fr\/wp-json\/wp\/v2\/pages\/13","targetHints":{"allow":["GET"]}}],"collection":[{"href":"https:\/\/marsatlas.art\/fr\/wp-json\/wp\/v2\/pages"}],"about":[{"href":"https:\/\/marsatlas.art\/fr\/wp-json\/wp\/v2\/types\/page"}],"author":[{"embeddable":true,"href":"https:\/\/marsatlas.art\/fr\/wp-json\/wp\/v2\/users\/1"}],"replies":[{"embeddable":true,"href":"https:\/\/marsatlas.art\/fr\/wp-json\/wp\/v2\/comments?post=13"}],"version-history":[{"count":999,"href":"https:\/\/marsatlas.art\/fr\/wp-json\/wp\/v2\/pages\/13\/revisions"}],"predecessor-version":[{"id":1929,"href":"https:\/\/marsatlas.art\/fr\/wp-json\/wp\/v2\/pages\/13\/revisions\/1929"}],"wp:featuredmedia":[{"embeddable":true,"href":"https:\/\/marsatlas.art\/fr\/wp-json\/wp\/v2\/media\/1674"}],"wp:attachment":[{"href":"https:\/\/marsatlas.art\/fr\/wp-json\/wp\/v2\/media?parent=13"}],"curies":[{"name":"wp","href":"https:\/\/api.w.org\/{rel}","templated":true}]}}